{"id":228,"date":"2023-06-29T22:12:49","date_gmt":"2023-06-29T22:12:49","guid":{"rendered":"https:\/\/batatas.solidweb.pt\/?post_type=product&#038;p=228"},"modified":"2023-06-29T22:20:35","modified_gmt":"2023-06-29T22:20:35","slug":"maria-pipoca-gourmet-doces","status":"publish","type":"product","link":"https:\/\/mariabatata.com\/index.php\/produto\/maria-pipoca-gourmet-doces\/","title":{"rendered":"MARIA PIPOCA Gourmet \u2013 doces 240g"},"content":{"rendered":"<p>Pipoca doce<br \/>\nElaboradas a partir de uma sele\u00e7\u00e3o de milhos de qualidade.<br \/>\nEsta receita confere um sabor e croc\u00e2ncia \u00fanicos.<br \/>\nDispon\u00edvel em pacote de 240g<\/p>\n","protected":false},"excerpt":{"rendered":"<p>Pipoca doce Elaboradas a partir de uma sele\u00e7\u00e3o de milhos de qualidade. Esta receita confere um sabor e croc\u00e2ncia \u00fanicos. Dispon\u00edvel em pacote de 240g<\/p>\n","protected":false},"featured_media":229,"comment_status":"open","ping_status":"closed","template":"","meta":[],"product_cat":[31],"product_tag":[],"class_list":["post-228","product","type-product","status-publish","has-post-thumbnail","hentry","product_cat-pipocas"],"_links":{"self":[{"href":"https:\/\/mariabatata.com\/index.php\/wp-json\/wp\/v2\/product\/228","targetHints":{"allow":["GET"]}}],"collection":[{"href":"https:\/\/mariabatata.com\/index.php\/wp-json\/wp\/v2\/product"}],"about":[{"href":"https:\/\/mariabatata.com\/index.php\/wp-json\/wp\/v2\/types\/product"}],"replies":[{"embeddable":true,"href":"https:\/\/mariabatata.com\/index.php\/wp-json\/wp\/v2\/comments?post=228"}],"wp:featuredmedia":[{"embeddable":true,"href":"https:\/\/mariabatata.com\/index.php\/wp-json\/wp\/v2\/media\/229"}],"wp:attachment":[{"href":"https:\/\/mariabatata.com\/index.php\/wp-json\/wp\/v2\/media?parent=228"}],"wp:term":[{"taxonomy":"product_cat","embeddable":true,"href":"https:\/\/mariabatata.com\/index.php\/wp-json\/wp\/v2\/product_cat?post=228"},{"taxonomy":"product_tag","embeddable":true,"href":"https:\/\/mariabatata.com\/index.php\/wp-json\/wp\/v2\/product_tag?post=228"}],"curies":[{"name":"wp","href":"https:\/\/api.w.org\/{rel}","templated":true}]}}